{"id":499,"date":"2021-09-07T16:01:32","date_gmt":"2021-09-07T14:01:32","guid":{"rendered":"https:\/\/healthykeys.co\/mentions-legales\/"},"modified":"2021-09-10T18:23:50","modified_gmt":"2021-09-10T16:23:50","slug":"legal-notice","status":"publish","type":"page","link":"https:\/\/healthykeys.co\/en\/legal-notice\/","title":{"rendered":"Legal notice"},"content":{"rendered":"\t\t<div data-elementor-type=\"wp-page\" data-elementor-id=\"499\" class=\"elementor elementor-499 elementor-422\" data-elementor-post-type=\"page\">\n\t\t\t\t\t\t<section class=\"elementor-section elementor-top-section elementor-element elementor-element-25eb331 elementor-section-boxed elementor-section-height-default elementor-section-height-default\" data-id=\"25eb331\" data-element_type=\"section\" data-settings=\"{&quot;background_background&quot;:&quot;slideshow&quot;,&quot;background_slideshow_gallery&quot;:[{&quot;id&quot;:46,&quot;url&quot;:&quot;https:\\\/\\\/healthykeys.co\\\/wp-content\\\/uploads\\\/2021\\\/08\\\/01-Floating.jpg&quot;}],&quot;background_slideshow_loop&quot;:&quot;yes&quot;,&quot;background_slideshow_slide_duration&quot;:5000,&quot;background_slideshow_slide_transition&quot;:&quot;fade&quot;,&quot;background_slideshow_transition_duration&quot;:500}\">\n\t\t\t\t\t\t<div class=\"elementor-container elementor-column-gap-default\">\n\t\t\t\t\t<div class=\"elementor-column elementor-col-100 elementor-top-column elementor-element elementor-element-10ed39d\" data-id=\"10ed39d\" data-element_type=\"column\">\n\t\t\t<div class=\"elementor-widget-wrap elementor-element-populated\">\n\t\t\t\t\t\t<div class=\"elementor-element elementor-element-ca231b9 elementor-widget elementor-widget-text-editor\" data-id=\"ca231b9\" data-element_type=\"widget\" data-widget_type=\"text-editor.default\">\n\t\t\t\t<div class=\"elementor-widget-container\">\n\t\t\t\t\t\t\t<p>Mentions l\u00e9gales<\/p>\t\t\t\t\t\t<\/div>\n\t\t\t\t<\/div>\n\t\t\t\t\t<\/div>\n\t\t<\/div>\n\t\t\t\t\t<\/div>\n\t\t<\/section>\n\t\t\t\t<section class=\"elementor-section elementor-top-section elementor-element elementor-element-5741c00 elementor-section-boxed elementor-section-height-default elementor-section-height-default\" data-id=\"5741c00\" data-element_type=\"section\" data-settings=\"{&quot;background_background&quot;:&quot;classic&quot;}\">\n\t\t\t\t\t\t<div class=\"elementor-container elementor-column-gap-default\">\n\t\t\t\t\t<div class=\"elementor-column elementor-col-100 elementor-top-column elementor-element elementor-element-cf86dbc\" data-id=\"cf86dbc\" data-element_type=\"column\">\n\t\t\t<div class=\"elementor-widget-wrap elementor-element-populated\">\n\t\t\t\t\t\t<div class=\"elementor-element elementor-element-9e508bd elementor-widget elementor-widget-text-editor\" data-id=\"9e508bd\" data-element_type=\"widget\" data-widget_type=\"text-editor.default\">\n\t\t\t\t<div class=\"elementor-widget-container\">\n\t\t\t\t\t\t\t<div class=\"s4\"><strong><span class=\"s2\">1. <\/span><span class=\"s3\">Identification<\/span><\/strong><\/div><div>\u00a0<\/div><p class=\"s8\"><span class=\"s5\">En vertu de l\u2019article 6 de la loi n\u00b02004-575 du 21 juin 2004 pour la confiance dans l\u2019\u00e9conomie num\u00e9rique, il est pr\u00e9cis\u00e9 aux utilisateurs du site <\/span><a href=\"https:\/\/healthykeys.co\/\"><span class=\"s6\">www.healthykeys.co<\/span><\/a> <span class=\"s5\">l\u2019identit\u00e9 des diff\u00e9rents intervenants dans le cadre de sa r\u00e9alisation et de son suivi :<\/span><\/p><p class=\"s9\"><span class=\"s5\">Propri\u00e9taire : \u00a0Mathilde VERT 10 avenue Jos\u00e9 Nobre 13500 Martigues<\/span><\/p><p class=\"s9\"><span class=\"s5\">Cr\u00e9ateur : Healthy Keys <\/span><\/p><p class=\"s9\"><span class=\"s5\">Webmaster : Anne-Sophie Caviola <\/span><\/p><p class=\"s9\"><span class=\"s5\">H\u00e9bergeur : OVH France<\/span><\/p><p>\u00a0<\/p><div class=\"s4\"><strong><span class=\"s2\">2. <\/span><span class=\"s3\">Conditions g\u00e9n\u00e9rales d\u2019utilisation du site &amp; des services propos\u00e9s<\/span><\/strong><\/div><div>\u00a0<\/div><p class=\"s9\"><span class=\"s5\">L\u2019utilisation du site healthykeys.co implique l\u2019acceptation pleine et enti\u00e8re des conditions g\u00e9n\u00e9rales d\u2019utilisation ci-apr\u00e8s d\u00e9crites. Ces conditions d\u2019utilisation sont susceptibles d\u2019\u00eatre modifi\u00e9es ou compl\u00e9t\u00e9es \u00e0 tout moment, les utilisateurs du site healthykeys.co sont donc invit\u00e9s \u00e0 les consulter de mani\u00e8re r\u00e9guli\u00e8re.<\/span><\/p><p class=\"s9\"><span class=\"s5\">Ce site est normalement accessible \u00e0 tout moment aux utilisateurs. Une interruption pour raison de maintenance technique peut \u00eatre toutefois d\u00e9cid\u00e9e par Healthy Keys SAS qui s\u2019efforcera alors de communiquer pr\u00e9alablement aux utilisateurs les dates et heures de l\u2019intervention.<\/span><\/p><p class=\"s9\"><span class=\"s5\">Le site healthykeys.co est mis \u00e0 jour r\u00e9guli\u00e8rement par Mathilde Vert. De la m\u00eame fa\u00e7on, les mentions l\u00e9gales peuvent \u00eatre modifi\u00e9es \u00e0 tout moment : elles s\u2019imposent n\u00e9anmoins \u00e0 l\u2019utilisateur qui est invit\u00e9 \u00e0 s\u2019y r\u00e9f\u00e9rer le plus souvent possible afin d\u2019en prendre connaissance.<\/span><\/p><p>\u00a0<\/p><p class=\"s9\"><strong><a name=\"_kdml3n6xkuq2\"><\/a><span class=\"s3\">3. Description des services fournis<\/span><\/strong><\/p><p class=\"s11\"><span class=\"s5\">Le site healthykeys.co a pour objet de fournir une information concernant l\u2019ensemble des services de la soci\u00e9t\u00e9.<\/span><\/p><p class=\"s11\"><span class=\"s5\">Healthy Keys SAS s\u2019efforce de fournir sur le site healthykeys.co des informations aussi pr\u00e9cises que possible. Toutefois, il ne pourra \u00eatre tenu responsable des omissions, des inexactitudes et des carences dans la mise \u00e0 jour, qu\u2019elles soient de son fait ou du fait des tiers partenaires qui lui fournissent ces informations.<\/span><\/p><p class=\"s9\"><span class=\"s5\">Toutes les informations indiqu\u00e9es sur le site healthykeys.co sont donn\u00e9es \u00e0 titre indicatif, et sont susceptibles d\u2019\u00e9voluer. Par ailleurs, les renseignements figurant sur le site ne sont pas exhaustifs. Ils sont donn\u00e9s sous r\u00e9serve de modifications ayant \u00e9t\u00e9 apport\u00e9es depuis leur mise en ligne.<\/span><\/p><p>\u00a0<\/p><p class=\"s10\"><strong><a name=\"_mfssdohoyais\"><\/a><span class=\"s3\">4. Limitations contractuelles sur les donn\u00e9es techniques<\/span><\/strong><\/p><p class=\"s9\"><span class=\"s5\">Le site utilise la technologie <\/span><span class=\"s7\">JavaScript.<\/span><\/p><p class=\"s9\"><span class=\"s5\">Le site internet ne pourra \u00eatre tenu responsable de dommages mat\u00e9riels li\u00e9s \u00e0 son utilisation. De plus, l\u2019utilisateur du site s\u2019engage \u00e0 y acc\u00e9der en utilisant un mat\u00e9riel r\u00e9cent, ne contenant pas de virus et avec un navigateur de derni\u00e8re g\u00e9n\u00e9ration mis-\u00e0-jour<\/span><\/p><p>\u00a0<\/p><p class=\"s10\"><strong><a name=\"_y0hithof579z\"><\/a><span class=\"s3\">5. Propri\u00e9t\u00e9 intellectuelle et contrefa\u00e7ons<\/span><\/strong><\/p><p class=\"s9\"><span class=\"s5\">Healthykeys.co <\/span><span class=\"s5\">est propri\u00e9taire des droits de propri\u00e9t\u00e9 intellectuelle ou d\u00e9tient les droits d\u2019usage sur tous les \u00e9l\u00e9ments accessibles sur le site, notamment les textes, images, vid\u00e9os, graphismes, logos, ic\u00f4nes, sons et logiciels.<\/span><\/p><p class=\"s9\"><span class=\"s5\">Toute reproduction, repr\u00e9sentation, modification, publication, adaptation de tout ou partie des \u00e9l\u00e9ments du site, quel que soit le moyen ou le proc\u00e9d\u00e9 utilis\u00e9, est interdite, sauf autorisation \u00e9crite pr\u00e9alable de Healthy Keys SAS.<\/span><\/p><p class=\"s9\"><span class=\"s5\">Toute exploitation non autoris\u00e9e du site ou de l\u2019un quelconque des \u00e9l\u00e9ments qu\u2019il contient sera consid\u00e9r\u00e9e comme constitutive d\u2019une contrefa\u00e7on et poursuivie conform\u00e9ment aux dispositions des articles L.335-2 et suivants du Code de Propri\u00e9t\u00e9 Intellectuelle.<\/span><\/p><p>\u00a0<\/p><p class=\"s10\"><strong><a name=\"_tf2erjae20ht\"><\/a><span class=\"s3\">6. Limitations de responsabilit\u00e9<\/span><\/strong><\/p><p class=\"s9\"><span class=\"s5\">healthykeys.co<\/span><span class=\"s5\"> ne pourra \u00eatre tenu responsable des dommages directs et indirects caus\u00e9s au mat\u00e9riel de l\u2019utilisateur, lors de l\u2019acc\u00e8s au site healthykeys.co et r\u00e9sultant soit de l\u2019utilisation d\u2019un mat\u00e9riel ne r\u00e9pondant pas aux sp\u00e9cifications indiqu\u00e9es au point 4, soit de l\u2019apparition d\u2019un bug ou d\u2019une incompatibilit\u00e9.<\/span><\/p><p class=\"s9\"><span class=\"s5\">healthykeys.co ne pourra \u00e9galement \u00eatre tenue responsable des dommages indirects cons\u00e9cutifs \u00e0 l\u2019utilisation du site healthykeys.co.<\/span><\/p><p class=\"s9\"><span class=\"s5\">Des espaces interactifs sont \u00e0 la disposition des utilisateurs. healthykeys.co se r\u00e9serve le droit de supprimer, sans mise en demeure pr\u00e9alable, tout contenu d\u00e9pos\u00e9 dans cet espace qui contreviendrait \u00e0 la l\u00e9gislation applicable en France, en particulier aux dispositions relatives \u00e0 la protection des donn\u00e9es. Le cas \u00e9ch\u00e9ant, healthykeys.co se r\u00e9serve \u00e9galement la possibilit\u00e9 de mettre en cause la responsabilit\u00e9 civile et\/ou p\u00e9nale de l\u2019utilisateur, notamment en cas de message \u00e0 caract\u00e8re raciste, injurieux, diffamant, ou pornographique, quel que soit le support utilis\u00e9 (texte, photographie, etc.).<\/span><\/p><p>\u00a0<\/p><p class=\"s10\"><strong><a name=\"_p9tx8maamkck\"><\/a><span class=\"s3\">7. Gestion des donn\u00e9es personnelles<\/span><\/strong><\/p><p class=\"s11\"><span class=\"s5\">En France, les donn\u00e9es personnelles sont notamment prot\u00e9g\u00e9es par la loi n\u00b078-87 du 6 janvier 1978, la loi n\u00b02004-801 du 6 ao\u00fbt 2004, l\u2019article L.226-13 du Code p\u00e9nal et la Directive Europ\u00e9enne du 24 octobre 1995.<\/span><\/p><p class=\"s11\"><span class=\"s5\">A l\u2019occasion de l\u2019utilisation du site healthykeys.co, peuvent \u00eatres recueillies : l\u2019URL des liens par l\u2019interm\u00e9diaire desquels l\u2019utilisateur a acc\u00e9d\u00e9 au site healthykeys.co le fournisseur d\u2019acc\u00e8s de l\u2019utilisateur et l\u2019adresse de protocole internet (IP) de l\u2019utilisateur.<\/span><\/p><p class=\"s11\"><span class=\"s5\">En tout \u00e9tat de cause, healthykeys.co collecte des informations personnelles relatives \u00e0 l\u2019utilisateur que pour le besoin de certains services propos\u00e9s par le site healthykeys.co L\u2019utilisateur fournit ces informations en toute connaissance de cause, notamment lorsqu\u2019il proc\u00e8de par lui-m\u00eame \u00e0 leur saisie. Il est alors pr\u00e9cis\u00e9 \u00e0 l\u2019utilisateur du site healthykeys.co l\u2019obligation ou non de fournir ces informations.<\/span><\/p><p class=\"s9\"><span class=\"s5\">Conform\u00e9ment aux dispositions des articles 38 et suivants de la loi 78-17 du 6 janvier 1978 relative \u00e0 l\u2019informatique, aux fichiers et aux libert\u00e9s, tout utilisateur dispose d\u2019un droit d\u2019acc\u00e8s, de rectification et d\u2019opposition aux donn\u00e9es personnelles le concernant, en effectuant sa demande \u00e9crite et sign\u00e9e, accompagn\u00e9e d\u2019une copie du titre d\u2019identit\u00e9 avec signature du titulaire de la pi\u00e8ce, en pr\u00e9cisant l\u2019adresse \u00e0 laquelle la r\u00e9ponse doit \u00eatre envoy\u00e9e.<\/span><\/p><p class=\"s9\"><span class=\"s5\">Aucune information personnelle de l\u2019utilisateur du site healthykeys.co n\u2019est publi\u00e9e \u00e0 l\u2019insu de l\u2019utilisateur, \u00e9chang\u00e9e, transf\u00e9r\u00e9e, c\u00e9d\u00e9e ou vendue sur un support quelconque \u00e0 des tiers. Seule l\u2019hypoth\u00e8se du rachat de healthykeys.co et de ses droits permettrait la transmission des dites informations \u00e0 l\u2019\u00e9ventuel acqu\u00e9reur qui serait \u00e0 son tour tenu de la m\u00eame obligation de conservation et de modification des donn\u00e9es vis \u00e0 vis de l\u2019utilisateur du site healthykeys.co<\/span><\/p><p class=\"s9\"><span class=\"s5\">Le site n\u2019est pas d\u00e9clar\u00e9 \u00e0 la CNIL car il ne recueille pas d\u2019informations personnelles.<\/span><\/p><p class=\"s9\"><span class=\"s5\">Les bases de donn\u00e9es sont prot\u00e9g\u00e9es par les dispositions de la loi du 1er juillet 1998 transposant la directive 96\/9 du 11 mars 1996 relative \u00e0 la protection juridique des bases de donn\u00e9es.<\/span><\/p><p>\u00a0<\/p><p class=\"s10\"><strong><a name=\"_bzyozoa2pzs3\"><\/a><span class=\"s3\">8. Liens hypertextes et cookies<\/span><\/strong><\/p><p class=\"s11\"><span class=\"s5\">Le site healthykeys.co peut contenir un certain nombre de liens hypertextes vers d\u2019autres sites, mis en place avec l\u2019autorisation de healthykeys.co Cependant, healthykeys.co n\u2019a pas la possibilit\u00e9 de v\u00e9rifier le contenu des sites ainsi visit\u00e9s, et n\u2019assumera en cons\u00e9quence aucune responsabilit\u00e9 de ce fait.<\/span><\/p><p class=\"s11\"><span class=\"s5\">La navigation sur le site healthykeys.co est susceptible de provoquer l\u2019installation de cookie(s) sur l\u2019ordinateur de l\u2019utilisateur. Un cookie est un fichier de petite taille, qui ne permet pas l\u2019identification de l\u2019utilisateur, mais qui enregistre des informations relatives \u00e0 la navigation d\u2019un ordinateur sur un site. Les donn\u00e9es ainsi obtenues visent \u00e0 faciliter la navigation ult\u00e9rieure sur le site, et ont \u00e9galement vocation \u00e0 permettre diverses mesures de fr\u00e9quentation.<\/span><\/p><p class=\"s9\"><span class=\"s5\">Le refus d\u2019installation d\u2019un cookie peut entra\u00eener l\u2019impossibilit\u00e9 d\u2019acc\u00e9der \u00e0 certains services. L\u2019utilisateur peut toutefois configurer son ordinateur de la mani\u00e8re suivante, pour refuser l\u2019installation des cookies : <\/span><a href=\"https:\/\/fr.wikihow.com\/d%C3%A9sactiver-les-cookies\"><span class=\"s5\">https:\/\/fr.wikihow.com\/d\u00e9sactiver-les-cookies<\/span><\/a><span class=\"s5\">.<\/span><\/p><p>\u00a0<\/p><p class=\"s10\"><strong><a name=\"_ini5h2zct9u4\"><\/a><span class=\"s3\">9. Droit applicable et attribution de juridiction<\/span><\/strong><\/p><p class=\"s9\"><span class=\"s5\">Tout litige en relation avec l\u2019utilisation du site healthykeys.co est soumis au droit Fran\u00e7ais. Il est fait attribution exclusive de juridiction aux tribunaux comp\u00e9tents de Cannes.<\/span><\/p><p>\u00a0<\/p><p class=\"s10\"><strong><a name=\"_3ht6trw2s3st\"><\/a><span class=\"s3\">10. Les principales lois concern\u00e9es<\/span><\/strong><\/p><p class=\"s9\"><span class=\"s5\">Loi n\u00b078-17 du 6 janvier 1978, notamment modifi\u00e9e par la loi n\u00b02004-801 du 6 ao\u00fbt 2004 relative \u00e0 l\u2019informatique, aux fichiers et aux libert\u00e9s.<\/span><\/p><p class=\"s9\"><span class=\"s5\">Loi n\u00b02004-575 du 21 juin 2004 pour la confiance dans l\u2019\u00e9conomie num\u00e9rique.<\/span><\/p><p>\u00a0<\/p><p class=\"s10\"><strong><a name=\"_6m111bwc6eqn\"><\/a><span class=\"s3\">11. Lexique<\/span><\/strong><\/p><p class=\"s9\"><span class=\"s5\">Utilisateur : internaute se connectant, utilisant le site susnomm\u00e9.<\/span><\/p><p class=\"s9\"><span class=\"s5\">Informations personnelles : \u00ab les informations qui permettent, sous quelque forme que ce soit, directement ou non, l\u2019identification des personnes physiques auxquelles elles s\u2019appliquent \u00bb (Article 4 de la loi n\u00b078-17 du 6 janvier 1978).<\/span><\/p>\t\t\t\t\t\t<\/div>\n\t\t\t\t<\/div>\n\t\t\t\t\t<\/div>\n\t\t<\/div>\n\t\t\t\t\t<\/div>\n\t\t<\/section>\n\t\t\t\t<\/div>\n\t\t","protected":false},"excerpt":{"rendered":"<p>Mentions l\u00e9gales 1. Identification En vertu de l\u2019article 6 de la loi n\u00b02004-575 du 21 juin 2004 pour la confiance dans l\u2019\u00e9conomie num\u00e9rique, il est pr\u00e9cis\u00e9 aux utilisateurs du site www.healthykeys.co l\u2019identit\u00e9 des diff\u00e9rents intervenants dans le cadre de sa r\u00e9alisation et de son suivi : Propri\u00e9taire : \u00a0Mathilde VERT 10 avenue Jos\u00e9 Nobre 13500 [&hellip;]<\/p>\n","protected":false},"author":1,"featured_media":0,"parent":0,"menu_order":0,"comment_status":"closed","ping_status":"closed","template":"","meta":{"footnotes":""},"class_list":["post-499","page","type-page","status-publish","hentry"],"yoast_head":"<!-- This site is optimized with the Yoast SEO plugin v23.5 - https:\/\/yoast.com\/wordpress\/plugins\/seo\/ -->\n<title>Legal notice - Healthy Keys<\/title>\n<meta name=\"robots\" content=\"noindex, follow\" \/>\n<meta property=\"og:locale\" content=\"en_US\" \/>\n<meta property=\"og:type\" content=\"article\" \/>\n<meta property=\"og:title\" content=\"Legal notice - Healthy Keys\" \/>\n<meta property=\"og:description\" content=\"Mentions l\u00e9gales 1. Identification En vertu de l\u2019article 6 de la loi n\u00b02004-575 du 21 juin 2004 pour la confiance dans l\u2019\u00e9conomie num\u00e9rique, il est pr\u00e9cis\u00e9 aux utilisateurs du site www.healthykeys.co l\u2019identit\u00e9 des diff\u00e9rents intervenants dans le cadre de sa r\u00e9alisation et de son suivi : Propri\u00e9taire : \u00a0Mathilde VERT 10 avenue Jos\u00e9 Nobre 13500 [&hellip;]\" \/>\n<meta property=\"og:url\" content=\"https:\/\/healthykeys.co\/en\/legal-notice\/\" \/>\n<meta property=\"og:site_name\" content=\"Healthy Keys\" \/>\n<meta property=\"article:modified_time\" content=\"2021-09-10T16:23:50+00:00\" \/>\n<meta name=\"twitter:card\" content=\"summary_large_image\" \/>\n<meta name=\"twitter:label1\" content=\"Est. reading time\" \/>\n\t<meta name=\"twitter:data1\" content=\"1 minute\" \/>\n<script type=\"application\/ld+json\" class=\"yoast-schema-graph\">{\"@context\":\"https:\/\/schema.org\",\"@graph\":[{\"@type\":\"WebPage\",\"@id\":\"https:\/\/healthykeys.co\/en\/legal-notice\/\",\"url\":\"https:\/\/healthykeys.co\/en\/legal-notice\/\",\"name\":\"Legal notice - Healthy Keys\",\"isPartOf\":{\"@id\":\"https:\/\/healthykeys.co\/en\/#website\"},\"datePublished\":\"2021-09-07T14:01:32+00:00\",\"dateModified\":\"2021-09-10T16:23:50+00:00\",\"breadcrumb\":{\"@id\":\"https:\/\/healthykeys.co\/en\/legal-notice\/#breadcrumb\"},\"inLanguage\":\"en-US\",\"potentialAction\":[{\"@type\":\"ReadAction\",\"target\":[\"https:\/\/healthykeys.co\/en\/legal-notice\/\"]}]},{\"@type\":\"BreadcrumbList\",\"@id\":\"https:\/\/healthykeys.co\/en\/legal-notice\/#breadcrumb\",\"itemListElement\":[{\"@type\":\"ListItem\",\"position\":1,\"name\":\"Accueil\",\"item\":\"https:\/\/healthykeys.co\/en\/\"},{\"@type\":\"ListItem\",\"position\":2,\"name\":\"Legal notice\"}]},{\"@type\":\"WebSite\",\"@id\":\"https:\/\/healthykeys.co\/en\/#website\",\"url\":\"https:\/\/healthykeys.co\/en\/\",\"name\":\"Healthy Keys\",\"description\":\"\",\"potentialAction\":[{\"@type\":\"SearchAction\",\"target\":{\"@type\":\"EntryPoint\",\"urlTemplate\":\"https:\/\/healthykeys.co\/en\/?s={search_term_string}\"},\"query-input\":{\"@type\":\"PropertyValueSpecification\",\"valueRequired\":true,\"valueName\":\"search_term_string\"}}],\"inLanguage\":\"en-US\"}]}<\/script>\n<!-- \/ Yoast SEO plugin. -->","yoast_head_json":{"title":"Legal notice - Healthy Keys","robots":{"index":"noindex","follow":"follow"},"og_locale":"en_US","og_type":"article","og_title":"Legal notice - Healthy Keys","og_description":"Mentions l\u00e9gales 1. Identification En vertu de l\u2019article 6 de la loi n\u00b02004-575 du 21 juin 2004 pour la confiance dans l\u2019\u00e9conomie num\u00e9rique, il est pr\u00e9cis\u00e9 aux utilisateurs du site www.healthykeys.co l\u2019identit\u00e9 des diff\u00e9rents intervenants dans le cadre de sa r\u00e9alisation et de son suivi : Propri\u00e9taire : \u00a0Mathilde VERT 10 avenue Jos\u00e9 Nobre 13500 [&hellip;]","og_url":"https:\/\/healthykeys.co\/en\/legal-notice\/","og_site_name":"Healthy Keys","article_modified_time":"2021-09-10T16:23:50+00:00","twitter_card":"summary_large_image","twitter_misc":{"Est. reading time":"1 minute"},"schema":{"@context":"https:\/\/schema.org","@graph":[{"@type":"WebPage","@id":"https:\/\/healthykeys.co\/en\/legal-notice\/","url":"https:\/\/healthykeys.co\/en\/legal-notice\/","name":"Legal notice - Healthy Keys","isPartOf":{"@id":"https:\/\/healthykeys.co\/en\/#website"},"datePublished":"2021-09-07T14:01:32+00:00","dateModified":"2021-09-10T16:23:50+00:00","breadcrumb":{"@id":"https:\/\/healthykeys.co\/en\/legal-notice\/#breadcrumb"},"inLanguage":"en-US","potentialAction":[{"@type":"ReadAction","target":["https:\/\/healthykeys.co\/en\/legal-notice\/"]}]},{"@type":"BreadcrumbList","@id":"https:\/\/healthykeys.co\/en\/legal-notice\/#breadcrumb","itemListElement":[{"@type":"ListItem","position":1,"name":"Accueil","item":"https:\/\/healthykeys.co\/en\/"},{"@type":"ListItem","position":2,"name":"Legal notice"}]},{"@type":"WebSite","@id":"https:\/\/healthykeys.co\/en\/#website","url":"https:\/\/healthykeys.co\/en\/","name":"Healthy Keys","description":"","potentialAction":[{"@type":"SearchAction","target":{"@type":"EntryPoint","urlTemplate":"https:\/\/healthykeys.co\/en\/?s={search_term_string}"},"query-input":{"@type":"PropertyValueSpecification","valueRequired":true,"valueName":"search_term_string"}}],"inLanguage":"en-US"}]}},"_links":{"self":[{"href":"https:\/\/healthykeys.co\/en\/wp-json\/wp\/v2\/pages\/499","targetHints":{"allow":["GET"]}}],"collection":[{"href":"https:\/\/healthykeys.co\/en\/wp-json\/wp\/v2\/pages"}],"about":[{"href":"https:\/\/healthykeys.co\/en\/wp-json\/wp\/v2\/types\/page"}],"author":[{"embeddable":true,"href":"https:\/\/healthykeys.co\/en\/wp-json\/wp\/v2\/users\/1"}],"replies":[{"embeddable":true,"href":"https:\/\/healthykeys.co\/en\/wp-json\/wp\/v2\/comments?post=499"}],"version-history":[{"count":3,"href":"https:\/\/healthykeys.co\/en\/wp-json\/wp\/v2\/pages\/499\/revisions"}],"predecessor-version":[{"id":533,"href":"https:\/\/healthykeys.co\/en\/wp-json\/wp\/v2\/pages\/499\/revisions\/533"}],"wp:attachment":[{"href":"https:\/\/healthykeys.co\/en\/wp-json\/wp\/v2\/media?parent=499"}],"curies":[{"name":"wp","href":"https:\/\/api.w.org\/{rel}","templated":true}]}}