{"id":571,"date":"2023-08-22T11:23:51","date_gmt":"2023-08-22T09:23:51","guid":{"rendered":"https:\/\/healthykeys.co\/politique-de-confidentialite\/"},"modified":"2023-08-22T11:26:35","modified_gmt":"2023-08-22T09:26:35","slug":"politique-de-confidentialite","status":"publish","type":"page","link":"https:\/\/healthykeys.co\/en\/politique-de-confidentialite\/","title":{"rendered":"Politique de confidentialit\u00e9"},"content":{"rendered":"\t\t<div data-elementor-type=\"wp-page\" data-elementor-id=\"571\" class=\"elementor elementor-571 elementor-564\" data-elementor-post-type=\"page\">\n\t\t\t\t\t\t<section class=\"elementor-section elementor-top-section elementor-element elementor-element-25eb331 elementor-section-boxed elementor-section-height-default elementor-section-height-default\" data-id=\"25eb331\" data-element_type=\"section\" data-settings=\"{&quot;background_background&quot;:&quot;slideshow&quot;,&quot;background_slideshow_gallery&quot;:[{&quot;id&quot;:46,&quot;url&quot;:&quot;https:\\\/\\\/healthykeys.co\\\/wp-content\\\/uploads\\\/2021\\\/08\\\/01-Floating.jpg&quot;}],&quot;background_slideshow_loop&quot;:&quot;yes&quot;,&quot;background_slideshow_slide_duration&quot;:5000,&quot;background_slideshow_slide_transition&quot;:&quot;fade&quot;,&quot;background_slideshow_transition_duration&quot;:500}\">\n\t\t\t\t\t\t<div class=\"elementor-container elementor-column-gap-default\">\n\t\t\t\t\t<div class=\"elementor-column elementor-col-100 elementor-top-column elementor-element elementor-element-10ed39d\" data-id=\"10ed39d\" data-element_type=\"column\">\n\t\t\t<div class=\"elementor-widget-wrap elementor-element-populated\">\n\t\t\t\t\t\t<div class=\"elementor-element elementor-element-ca231b9 elementor-widget elementor-widget-text-editor\" data-id=\"ca231b9\" data-element_type=\"widget\" data-widget_type=\"text-editor.default\">\n\t\t\t\t<div class=\"elementor-widget-container\">\n\t\t\t\t\t\t\t<p>Politique de confidentialit\u00e9<\/p>\t\t\t\t\t\t<\/div>\n\t\t\t\t<\/div>\n\t\t\t\t\t<\/div>\n\t\t<\/div>\n\t\t\t\t\t<\/div>\n\t\t<\/section>\n\t\t\t\t<section class=\"elementor-section elementor-top-section elementor-element elementor-element-5741c00 elementor-section-boxed elementor-section-height-default elementor-section-height-default\" data-id=\"5741c00\" data-element_type=\"section\" data-settings=\"{&quot;background_background&quot;:&quot;classic&quot;}\">\n\t\t\t\t\t\t<div class=\"elementor-container elementor-column-gap-default\">\n\t\t\t\t\t<div class=\"elementor-column elementor-col-100 elementor-top-column elementor-element elementor-element-cf86dbc\" data-id=\"cf86dbc\" data-element_type=\"column\">\n\t\t\t<div class=\"elementor-widget-wrap elementor-element-populated\">\n\t\t\t\t\t\t<div class=\"elementor-element elementor-element-9e508bd elementor-widget elementor-widget-text-editor\" data-id=\"9e508bd\" data-element_type=\"widget\" data-widget_type=\"text-editor.default\">\n\t\t\t\t<div class=\"elementor-widget-container\">\n\t\t\t\t\t\t\t<p><span style=\"font-weight: 400; color: #333333;\">Cette page web regroupe la Politique de Confidentialit\u00e9 de HEALTHY KEYS ces informations sont \u00e0 utiliser lors de la mise en ligne de l\u2019application mobile HEALTHY KEYS mais ne s\u2019y limite pas.<\/span><\/p><p><span style=\"color: #333333;\"><strong>INTRODUCTION<\/strong><\/span><\/p><p><span style=\"font-weight: 400; color: #333333;\">Nous portons une attention particuli\u00e8re \u00e0 la protection de la vie priv\u00e9e de nos utilisateurs. Nous nous engageons \u00e0 respecter la confidentialit\u00e9 des renseignements personnels que nous collectons.<\/span><\/p><p><span style=\"font-weight: 400; color: #333333;\">Avertissement : Le Site web\/Application mobile d\u00e9velopp\u00e9s par HEALTHY KEYS vous permettent uniquement de vous informer et de vous accompagner dans la gestion du bien \u00eatre alimentaire et physique de votre enfant, elle n\u2019est en aucun cas un outil m\u00e9dical, d\u2019aide diagnostic, ou autre activit\u00e9 de t\u00e9l\u00e9 m\u00e9decine.<\/span><\/p><p><span style=\"color: #333333;\"><strong>COLLECTE DES DONN\u00c9ES PERSONNELLES<\/strong><\/span><\/p><p><span style=\"font-weight: 400; color: #333333;\">Nous collectons les renseignements suivants :<\/span><\/p><ul><li style=\"font-weight: 400;\" aria-level=\"1\"><span style=\"font-weight: 400; color: #333333;\">Nom\/ Pr\u00e9nom<\/span><\/li><li style=\"font-weight: 400;\" aria-level=\"1\"><span style=\"font-weight: 400; color: #333333;\">Adresse \u00e9lectronique<\/span><\/li><li style=\"font-weight: 400;\" aria-level=\"1\"><span style=\"font-weight: 400; color: #333333;\">Genre \/ Sexe<\/span><\/li><li style=\"font-weight: 400;\" aria-level=\"1\"><span style=\"font-weight: 400; color: #333333;\">Age \/ Date de naissance<\/span><\/li><li style=\"font-weight: 400;\" aria-level=\"1\"><span style=\"font-weight: 400; color: #333333;\">Poids \/ Taille\u00a0<\/span><\/li><\/ul><p><span style=\"font-weight: 400; color: #333333;\">Ces donn\u00e9es personnelles sont recueillies uniquement apr\u00e8s que vous nous ayez donn\u00e9 votre consentement, notamment lors de votre premi\u00e8re connexion. Les renseignements personnels que nous collectons sont recueillis au travers de formulaires et gr\u00e2ce \u00e0 l\u2019interactivit\u00e9 \u00e9tablie entre vous et notre Application mobile. Vos donn\u00e9es ne sont en aucun cas transmises \u00e0 des partenaires d\u2019HEALTHY KEYS. Enfin, nous n\u2019utilisons pas de cookies pour r\u00e9unir des informations vous concernant.<\/span><\/p><p><span style=\"color: #333333;\"><strong>FICHIERS JOURNAUX<\/strong><\/span><\/p><p><span style=\"font-weight: 400; color: #333333;\">Lorsque vous utilisez notre Application mobile, nous collectons et stockons des informations dans les fichiers journaux de nos serveurs. Cela comprend\u00a0<\/span><\/p><ul><li style=\"font-weight: 400;\" aria-level=\"1\"><span style=\"font-weight: 400; color: #333333;\">Votre adresse IP.<\/span><\/li><li style=\"font-weight: 400;\" aria-level=\"1\"><span style=\"font-weight: 400; color: #333333;\">Des donn\u00e9es relatives aux \u00e9v\u00e9nements li\u00e9s \u00e0 l\u2019appareil que vous utilisez, tels que plantages, activit\u00e9 du syst\u00e8me, param\u00e8tres du mat\u00e9riel, type et langue de votre navigateur, date et heure de la requ\u00eate et URL de provenance.<\/span><\/li><\/ul><p>\u00a0<\/p><p><span style=\"color: #333333;\"><strong>FORMULAIRES ET INTERACTIVIT\u00c9<\/strong><\/span><\/p><p><span style=\"font-weight: 400; color: #333333;\">Vos renseignements personnels sont collect\u00e9s par le biais de formulaire, \u00e0 savoir :<\/span><\/p><ul><li style=\"font-weight: 400;\" aria-level=\"1\"><span style=\"font-weight: 400; color: #333333;\">Formulaire d\u2019inscription \u00e0 l\u2019Application mobile<\/span><\/li><li style=\"font-weight: 400;\" aria-level=\"1\"><span style=\"font-weight: 400; color: #333333;\">Sondage de retours d\u2019exp\u00e9rience\u00a0<\/span><\/li><\/ul><p><span style=\"font-weight: 400; color: #333333;\">Nous utilisons les renseignements ainsi collect\u00e9s pour les finalit\u00e9s suivantes :<\/span><\/p><ul><li style=\"font-weight: 400;\" aria-level=\"1\"><span style=\"font-weight: 400; color: #333333;\">Statistiques\u00a0<\/span><\/li><li style=\"font-weight: 400;\" aria-level=\"1\"><span style=\"font-weight: 400; color: #333333;\">Am\u00e9lioration technique de nos outils\u00a0<\/span><\/li><li style=\"font-weight: 400;\" aria-level=\"1\"><span style=\"font-weight: 400; color: #333333;\">Gestion de l\u2019Application mobile (pr\u00e9sentation, organisation)<\/span><\/li><\/ul><p><span style=\"font-weight: 400; color: #333333;\">Aucune publicit\u00e9 ou incitation commerciale n\u2019est pr\u00e9sente sur notre Application mobile.<\/span><\/p><p><span style=\"color: #333333;\"><strong>DROIT D\u2019OPPOSITION ET DE RETRAIT<\/strong><\/span><\/p><p><span style=\"font-weight: 400; color: #333333;\">Nous nous engageons \u00e0 vous offrir un droit d\u2019opposition et de retrait quant \u00e0 vos renseignements personnels.<\/span><\/p><p><span style=\"font-weight: 400; color: #333333;\">Le droit d\u2019opposition s\u2019entend comme \u00e9tant la possibilit\u00e9 offerte aux internautes de refuser que leurs renseignements personnels soient utilis\u00e9s \u00e0 certaines fins mentionn\u00e9es lors de la collecte.<\/span><\/p><p><span style=\"font-weight: 400; color: #333333;\">Le droit de retrait s\u2019entend comme \u00e9tant la possibilit\u00e9 offerte aux utilisateurs de demander \u00e0 ce que leurs renseignements personnels ne figurent plus, par exemple, dans une liste de diffusion.<\/span><\/p><p><span style=\"font-weight: 400; color: #333333;\">Pour pouvoir exercer ces droits, vous pouvez nous contacter par courrier \u00e0 l\u2019adresse :<\/span><\/p><p><span style=\"font-weight: 400; color: #333333;\">Healthy keys\u00a0<\/span><\/p><p><span style=\"font-weight: 400; color: #333333;\">64 bic chemin de Peyloubet <\/span><\/p><p><span style=\"font-weight: 400; color: #333333;\">06130 Grasse\u00a0<\/span><\/p><p><span style=\"font-weight: 400; color: #333333;\">Ou contact@healthykeys.co<\/span><\/p><p><span style=\"color: #333333;\"><strong>DROIT D\u2019ACC\u00c8S<\/strong><\/span><\/p><p><span style=\"font-weight: 400; color: #333333;\">Nous nous engageons \u00e0 reconna\u00eetre un droit d\u2019acc\u00e8s et de rectification aux personnes concern\u00e9es d\u00e9sireuses de consulter, modifier, voire radier les informations les concernant.<\/span><\/p><p><span style=\"font-weight: 400; color: #333333;\">L\u2019exercice de ce droit se fera par courrier \u00e0 l\u2019adresse :<\/span><\/p><p><span style=\"font-weight: 400; color: #333333;\">Healthy keys\u00a0<\/span><\/p><p><span style=\"font-weight: 400; color: #333333;\">64 bic chemin de Peyloubet <\/span><\/p><p><span style=\"font-weight: 400; color: #333333;\">06130 Grasse\u00a0<\/span><\/p><p><span style=\"font-weight: 400; color: #333333;\"><strong>DIVULGATION<\/strong> <strong>D\u2019INFORMATIONS PERSONNELLES<\/strong><\/span><\/p><p><span style=\"font-weight: 400; color: #333333;\">Il peut nous arriver de transmettre vos informations personnelles \u00e0 nos employ\u00e9s ou \u00e9quipes techniques afin de g\u00e9rer les comptes utilisateur de l\u2019application mobile et les Services qui vous sont propos\u00e9s. Toute divulgation de donn\u00e9es personnelles sera strictement contr\u00f4l\u00e9e et r\u00e9alis\u00e9e en accord avec la l\u00e9gislation europ\u00e9enne.<\/span><\/p><p><span style=\"font-weight: 400; color: #333333;\">Nous ne divulguons pas vos donn\u00e9es personnelles \u00e0 une tierce partie sans votre consentement et conform\u00e9ment \u00e0 la loi en vigueur. Nous vous encourageons \u00e0 consulter nos conditions g\u00e9n\u00e9rales d\u2019utilisation.\u00a0<\/span><\/p><p><span style=\"color: #333333;\"><strong>S\u00c9CURIT\u00c9<\/strong><\/span><\/p><p><span style=\"font-weight: 400; color: #333333;\">Les renseignements personnels que nous collectons sont conserv\u00e9s dans un environnement s\u00e9curis\u00e9. Les personnes travaillant pour nous sont tenues de respecter la confidentialit\u00e9 de vos informations. Pour assurer la s\u00e9curit\u00e9 de vos renseignements personnels, nous avons recours aux mesures suivantes :<\/span><\/p><ul><li style=\"font-weight: 400;\" aria-level=\"1\"><span style=\"font-weight: 400; color: #333333;\">Protocole SSL (Secure Sockets Layer)<\/span><\/li><li style=\"font-weight: 400;\" aria-level=\"1\"><span style=\"font-weight: 400; color: #333333;\">Double chiffrement des donn\u00e9es<\/span><\/li><li style=\"font-weight: 400;\" aria-level=\"1\"><span style=\"font-weight: 400; color: #333333;\">Gestion des acc\u00e8s \u2013 personne autoris\u00e9e<\/span><\/li><li style=\"font-weight: 400;\" aria-level=\"1\"><span style=\"font-weight: 400; color: #333333;\">Gestion des acc\u00e8s \u2013 personne concern\u00e9e<\/span><\/li><li style=\"font-weight: 400;\" aria-level=\"1\"><span style=\"font-weight: 400; color: #333333;\">Logiciel de surveillance du r\u00e9seau<\/span><\/li><li style=\"font-weight: 400;\" aria-level=\"1\"><span style=\"font-weight: 400; color: #333333;\">Sauvegarde informatique<\/span><\/li><li style=\"font-weight: 400;\" aria-level=\"1\"><span style=\"font-weight: 400; color: #333333;\">D\u00e9veloppement de certificat num\u00e9rique<\/span><\/li><li style=\"font-weight: 400;\" aria-level=\"1\"><span style=\"font-weight: 400; color: #333333;\">Identifiant \/ mot de passe<\/span><\/li><li style=\"font-weight: 400;\" aria-level=\"1\"><span style=\"font-weight: 400; color: #333333;\">Pare-feu (Firewalls)<\/span><\/li><\/ul><p><span style=\"font-weight: 400; color: #333333;\">Nous nous engageons \u00e0 maintenir un haut degr\u00e9 de confidentialit\u00e9 en int\u00e9grant les derni\u00e8res innovations technologiques permettant d\u2019assurer la confidentialit\u00e9 de vos donn\u00e9es. Toutefois, comme aucun m\u00e9canisme n\u2019offre une s\u00e9curit\u00e9 maximale, une part de risque est toujours pr\u00e9sente lorsque l\u2019on utilise Internet pour transmettre des renseignements personnels.<\/span><\/p><p><span style=\"color: #333333;\"><strong>L\u00c9GISLATION<\/strong><\/span><\/p><p><span style=\"font-weight: 400; color: #333333;\">Nous nous engageons \u00e0 respecter les dispositions l\u00e9gislatives \u00e9nonc\u00e9es dans :<\/span><\/p><p><span style=\"font-weight: 400; color: #333333;\">Loi 78-17 Informatique et Libert\u00e9s.<\/span><\/p><p><span style=\"color: #333333;\"><strong>MISES \u00c0 JOUR<\/strong><\/span><\/p><p><span style=\"font-weight: 400; color: #333333;\">Les pr\u00e9sentes R\u00e8gles de confidentialit\u00e9 peuvent \u00eatre amen\u00e9es \u00e0 changer, nous publierons toute modification des r\u00e8gles de confidentialit\u00e9 sur cette page et une notification vous sera envoy\u00e9e afin de vous inciter \u00e0 consulter les nouvelles r\u00e8gles en vigueur.<\/span><\/p><p><br \/><br \/><\/p>\t\t\t\t\t\t<\/div>\n\t\t\t\t<\/div>\n\t\t\t\t\t<\/div>\n\t\t<\/div>\n\t\t\t\t\t<\/div>\n\t\t<\/section>\n\t\t\t\t<\/div>\n\t\t","protected":false},"excerpt":{"rendered":"<p>Politique de confidentialit\u00e9 Cette page web regroupe la Politique de Confidentialit\u00e9 de HEALTHY KEYS ces informations sont \u00e0 utiliser lors de la mise en ligne de l\u2019application mobile HEALTHY KEYS mais ne s\u2019y limite pas. INTRODUCTION Nous portons une attention particuli\u00e8re \u00e0 la protection de la vie priv\u00e9e de nos utilisateurs. Nous nous engageons \u00e0 [&hellip;]<\/p>\n","protected":false},"author":1,"featured_media":0,"parent":0,"menu_order":0,"comment_status":"closed","ping_status":"closed","template":"","meta":{"footnotes":""},"class_list":["post-571","page","type-page","status-publish","hentry"],"yoast_head":"<!-- This site is optimized with the Yoast SEO plugin v23.5 - https:\/\/yoast.com\/wordpress\/plugins\/seo\/ -->\n<title>Politique de confidentialit\u00e9 - Healthy Keys<\/title>\n<meta name=\"robots\" content=\"noindex, follow\" \/>\n<meta property=\"og:locale\" content=\"en_US\" \/>\n<meta property=\"og:type\" content=\"article\" \/>\n<meta property=\"og:title\" content=\"Politique de confidentialit\u00e9 - Healthy Keys\" \/>\n<meta property=\"og:description\" content=\"Politique de confidentialit\u00e9 Cette page web regroupe la Politique de Confidentialit\u00e9 de HEALTHY KEYS ces informations sont \u00e0 utiliser lors de la mise en ligne de l\u2019application mobile HEALTHY KEYS mais ne s\u2019y limite pas. INTRODUCTION Nous portons une attention particuli\u00e8re \u00e0 la protection de la vie priv\u00e9e de nos utilisateurs. Nous nous engageons \u00e0 [&hellip;]\" \/>\n<meta property=\"og:url\" content=\"https:\/\/healthykeys.co\/en\/politique-de-confidentialite\/\" \/>\n<meta property=\"og:site_name\" content=\"Healthy Keys\" \/>\n<meta property=\"article:modified_time\" content=\"2023-08-22T09:26:35+00:00\" \/>\n<meta name=\"twitter:card\" content=\"summary_large_image\" \/>\n<meta name=\"twitter:label1\" content=\"Est. reading time\" \/>\n\t<meta name=\"twitter:data1\" content=\"6 minutes\" \/>\n<script type=\"application\/ld+json\" class=\"yoast-schema-graph\">{\"@context\":\"https:\/\/schema.org\",\"@graph\":[{\"@type\":\"WebPage\",\"@id\":\"https:\/\/healthykeys.co\/en\/politique-de-confidentialite\/\",\"url\":\"https:\/\/healthykeys.co\/en\/politique-de-confidentialite\/\",\"name\":\"Politique de confidentialit\u00e9 - Healthy Keys\",\"isPartOf\":{\"@id\":\"https:\/\/healthykeys.co\/en\/#website\"},\"datePublished\":\"2023-08-22T09:23:51+00:00\",\"dateModified\":\"2023-08-22T09:26:35+00:00\",\"breadcrumb\":{\"@id\":\"https:\/\/healthykeys.co\/en\/politique-de-confidentialite\/#breadcrumb\"},\"inLanguage\":\"en-US\",\"potentialAction\":[{\"@type\":\"ReadAction\",\"target\":[\"https:\/\/healthykeys.co\/en\/politique-de-confidentialite\/\"]}]},{\"@type\":\"BreadcrumbList\",\"@id\":\"https:\/\/healthykeys.co\/en\/politique-de-confidentialite\/#breadcrumb\",\"itemListElement\":[{\"@type\":\"ListItem\",\"position\":1,\"name\":\"Accueil\",\"item\":\"https:\/\/healthykeys.co\/en\/\"},{\"@type\":\"ListItem\",\"position\":2,\"name\":\"Politique de confidentialit\u00e9\"}]},{\"@type\":\"WebSite\",\"@id\":\"https:\/\/healthykeys.co\/en\/#website\",\"url\":\"https:\/\/healthykeys.co\/en\/\",\"name\":\"Healthy Keys\",\"description\":\"\",\"potentialAction\":[{\"@type\":\"SearchAction\",\"target\":{\"@type\":\"EntryPoint\",\"urlTemplate\":\"https:\/\/healthykeys.co\/en\/?s={search_term_string}\"},\"query-input\":{\"@type\":\"PropertyValueSpecification\",\"valueRequired\":true,\"valueName\":\"search_term_string\"}}],\"inLanguage\":\"en-US\"}]}<\/script>\n<!-- \/ Yoast SEO plugin. -->","yoast_head_json":{"title":"Politique de confidentialit\u00e9 - Healthy Keys","robots":{"index":"noindex","follow":"follow"},"og_locale":"en_US","og_type":"article","og_title":"Politique de confidentialit\u00e9 - Healthy Keys","og_description":"Politique de confidentialit\u00e9 Cette page web regroupe la Politique de Confidentialit\u00e9 de HEALTHY KEYS ces informations sont \u00e0 utiliser lors de la mise en ligne de l\u2019application mobile HEALTHY KEYS mais ne s\u2019y limite pas. INTRODUCTION Nous portons une attention particuli\u00e8re \u00e0 la protection de la vie priv\u00e9e de nos utilisateurs. Nous nous engageons \u00e0 [&hellip;]","og_url":"https:\/\/healthykeys.co\/en\/politique-de-confidentialite\/","og_site_name":"Healthy Keys","article_modified_time":"2023-08-22T09:26:35+00:00","twitter_card":"summary_large_image","twitter_misc":{"Est. reading time":"6 minutes"},"schema":{"@context":"https:\/\/schema.org","@graph":[{"@type":"WebPage","@id":"https:\/\/healthykeys.co\/en\/politique-de-confidentialite\/","url":"https:\/\/healthykeys.co\/en\/politique-de-confidentialite\/","name":"Politique de confidentialit\u00e9 - Healthy Keys","isPartOf":{"@id":"https:\/\/healthykeys.co\/en\/#website"},"datePublished":"2023-08-22T09:23:51+00:00","dateModified":"2023-08-22T09:26:35+00:00","breadcrumb":{"@id":"https:\/\/healthykeys.co\/en\/politique-de-confidentialite\/#breadcrumb"},"inLanguage":"en-US","potentialAction":[{"@type":"ReadAction","target":["https:\/\/healthykeys.co\/en\/politique-de-confidentialite\/"]}]},{"@type":"BreadcrumbList","@id":"https:\/\/healthykeys.co\/en\/politique-de-confidentialite\/#breadcrumb","itemListElement":[{"@type":"ListItem","position":1,"name":"Accueil","item":"https:\/\/healthykeys.co\/en\/"},{"@type":"ListItem","position":2,"name":"Politique de confidentialit\u00e9"}]},{"@type":"WebSite","@id":"https:\/\/healthykeys.co\/en\/#website","url":"https:\/\/healthykeys.co\/en\/","name":"Healthy Keys","description":"","potentialAction":[{"@type":"SearchAction","target":{"@type":"EntryPoint","urlTemplate":"https:\/\/healthykeys.co\/en\/?s={search_term_string}"},"query-input":{"@type":"PropertyValueSpecification","valueRequired":true,"valueName":"search_term_string"}}],"inLanguage":"en-US"}]}},"_links":{"self":[{"href":"https:\/\/healthykeys.co\/en\/wp-json\/wp\/v2\/pages\/571","targetHints":{"allow":["GET"]}}],"collection":[{"href":"https:\/\/healthykeys.co\/en\/wp-json\/wp\/v2\/pages"}],"about":[{"href":"https:\/\/healthykeys.co\/en\/wp-json\/wp\/v2\/types\/page"}],"author":[{"embeddable":true,"href":"https:\/\/healthykeys.co\/en\/wp-json\/wp\/v2\/users\/1"}],"replies":[{"embeddable":true,"href":"https:\/\/healthykeys.co\/en\/wp-json\/wp\/v2\/comments?post=571"}],"version-history":[{"count":1,"href":"https:\/\/healthykeys.co\/en\/wp-json\/wp\/v2\/pages\/571\/revisions"}],"predecessor-version":[{"id":572,"href":"https:\/\/healthykeys.co\/en\/wp-json\/wp\/v2\/pages\/571\/revisions\/572"}],"wp:attachment":[{"href":"https:\/\/healthykeys.co\/en\/wp-json\/wp\/v2\/media?parent=571"}],"curies":[{"name":"wp","href":"https:\/\/api.w.org\/{rel}","templated":true}]}}